{"id":36,"date":"2025-03-30T19:43:38","date_gmt":"2025-03-30T17:43:38","guid":{"rendered":"https:\/\/monseur-avocats.be\/?page_id=36"},"modified":"2025-04-13T19:58:40","modified_gmt":"2025-04-13T17:58:40","slug":"les-honoraires","status":"publish","type":"page","link":"https:\/\/monseur-avocats.be\/?page_id=36","title":{"rendered":""},"content":{"rendered":"\n<div class=\"wp-block-cover alignfull is-light\" style=\"min-height:750px;aspect-ratio:unset;\"><span aria-hidden=\"true\" class=\"wp-block-cover__background has-background-dim\" style=\"background-color:#c1ac9e\"><\/span><img loading=\"lazy\" decoding=\"async\" width=\"2560\" height=\"1708\" class=\"wp-block-cover__image-background wp-image-51\" alt=\"\" src=\"https:\/\/monseur-avocats.be\/wp-content\/uploads\/2025\/03\/honoraire-scaled.jpg\" style=\"object-position:90% 0%\" data-object-fit=\"cover\" data-object-position=\"90% 0%\" srcset=\"https:\/\/monseur-avocats.be\/wp-content\/uploads\/2025\/03\/honoraire-scaled.jpg 2560w, https:\/\/monseur-avocats.be\/wp-content\/uploads\/2025\/03\/honoraire-300x200.jpg 300w, https:\/\/monseur-avocats.be\/wp-content\/uploads\/2025\/03\/honoraire-1024x683.jpg 1024w, https:\/\/monseur-avocats.be\/wp-content\/uploads\/2025\/03\/honoraire-768x513.jpg 768w, https:\/\/monseur-avocats.be\/wp-content\/uploads\/2025\/03\/honoraire-1536x1025.jpg 1536w, https:\/\/monseur-avocats.be\/wp-content\/uploads\/2025\/03\/honoraire-2048x1367.jpg 2048w\" sizes=\"auto, (max-width: 2560px) 100vw, 2560px\" \/><div class=\"wp-block-cover__inner-container has-global-padding is-layout-constrained wp-block-cover-is-layout-constrained\">\n<p class=\"kt-adv-heading179_2fedbb-ea animated fadeInLeft o-anim-custom-speed wp-block-kadence-advancedheading has-base-background-color has-background\" data-kb-block=\"kb-adv-heading179_2fedbb-ea\">NOS HONORAIRES<\/p>\n\n\n\n<p>&nbsp;\u200b<\/p>\n\n\n\n<p class=\"has-text-align-center is-style-text-annotation ticss-5eafc568 has-base-color has-contrast-background-color has-text-color has-background has-link-color wp-elements-0120c935077ecdf0e3a61829e888dc3d is-style-text-annotation--1\" style=\"border-style:none;border-width:0px;border-radius:0px;margin-top:var(--wp--preset--spacing--40);margin-right:var(--wp--preset--spacing--80);margin-bottom:var(--wp--preset--spacing--40);margin-left:var(--wp--preset--spacing--80);padding-top:var(--wp--preset--spacing--60);padding-right:82px;padding-bottom:var(--wp--preset--spacing--60);padding-left:82px;font-size:clamp(0.875rem, 0.875rem + ((1vw - 0.2rem) * 0.322), 1.08rem);\">En principe, nos honoraires sont calcul\u00e9s selon un taux horaire que nous aurons pr\u00e9alablement d\u00e9termin\u00e9 mais, de mani\u00e8re compl\u00e9mentaire, pour certains types de dossiers, les honoraires pourront \u00eatre d\u00e9termin\u00e9s en fonction d&rsquo;un pourcentage calcul\u00e9 sur base de l&rsquo;enjeu du litige ou des montants r\u00e9cup\u00e9r\u00e9s.                                                                                                               L&rsquo;Etude a toujours eu soin de fixer ses \u00e9tats de frais et honoraires conform\u00e9ment au prescrit de l&rsquo;article 446 ter du Code Judiciaire, c&rsquo;est-\u00e0-dire avec juste mod\u00e9ration.<\/p>\n<\/div><\/div>\n\n\n\n<p><\/p>\n\n\n\n\n\n\n","protected":false},"excerpt":{"rendered":"","protected":false},"author":2,"featured_media":0,"parent":0,"menu_order":0,"comment_status":"closed","ping_status":"closed","template":"","meta":{"ub_ctt_via":"","editor_plus_copied_stylings":"{}","_themeisle_gutenberg_block_has_review":false,"footnotes":""},"class_list":["post-36","page","type-page","status-publish","hentry"],"featured_image_src":null,"_links":{"self":[{"href":"https:\/\/monseur-avocats.be\/index.php?rest_route=\/wp\/v2\/pages\/36","targetHints":{"allow":["GET"]}}],"collection":[{"href":"https:\/\/monseur-avocats.be\/index.php?rest_route=\/wp\/v2\/pages"}],"about":[{"href":"https:\/\/monseur-avocats.be\/index.php?rest_route=\/wp\/v2\/types\/page"}],"author":[{"embeddable":true,"href":"https:\/\/monseur-avocats.be\/index.php?rest_route=\/wp\/v2\/users\/2"}],"replies":[{"embeddable":true,"href":"https:\/\/monseur-avocats.be\/index.php?rest_route=%2Fwp%2Fv2%2Fcomments&post=36"}],"version-history":[{"count":0,"href":"https:\/\/monseur-avocats.be\/index.php?rest_route=\/wp\/v2\/pages\/36\/revisions"}],"wp:attachment":[{"href":"https:\/\/monseur-avocats.be\/index.php?rest_route=%2Fwp%2Fv2%2Fmedia&parent=36"}],"curies":[{"name":"wp","href":"https:\/\/api.w.org\/{rel}","templated":true}]}}