{"id":19,"date":"2025-03-30T19:21:42","date_gmt":"2025-03-30T17:21:42","guid":{"rendered":"https:\/\/monseur-avocats.be\/?page_id=19"},"modified":"2025-04-19T09:42:02","modified_gmt":"2025-04-19T07:42:02","slug":"accueil","status":"publish","type":"page","link":"https:\/\/monseur-avocats.be\/","title":{"rendered":""},"content":{"rendered":"\n<div class=\" wp-block-cover alignfull eplus-wrapper\" style=\"margin-top:0;margin-bottom:0;padding-top:var(--wp--preset--spacing--50);padding-right:var(--wp--preset--spacing--50);padding-bottom:var(--wp--preset--spacing--50);padding-left:var(--wp--preset--spacing--50);min-height:401px;aspect-ratio:unset;\"><img loading=\"lazy\" decoding=\"async\" width=\"1907\" height=\"662\" class=\"wp-block-cover__image-background wp-image-210\" alt=\"\" src=\"https:\/\/monseur-avocats.be\/wp-content\/uploads\/2025\/04\/pilier-pageacceuil.png\" data-object-fit=\"cover\" srcset=\"https:\/\/monseur-avocats.be\/wp-content\/uploads\/2025\/04\/pilier-pageacceuil.png 1907w, https:\/\/monseur-avocats.be\/wp-content\/uploads\/2025\/04\/pilier-pageacceuil-300x104.png 300w, https:\/\/monseur-avocats.be\/wp-content\/uploads\/2025\/04\/pilier-pageacceuil-1024x355.png 1024w, https:\/\/monseur-avocats.be\/wp-content\/uploads\/2025\/04\/pilier-pageacceuil-768x267.png 768w, https:\/\/monseur-avocats.be\/wp-content\/uploads\/2025\/04\/pilier-pageacceuil-1536x533.png 1536w\" sizes=\"auto, (max-width: 1907px) 100vw, 1907px\" \/><span aria-hidden=\"true\" class=\"wp-block-cover__background has-background-dim-10 has-background-dim\" style=\"background-color:#5a8193\"><\/span><div class=\"wp-block-cover__inner-container has-global-padding is-layout-constrained wp-container-core-cover-is-layout-d89aad35 wp-block-cover-is-layout-constrained\">\n<p class=\"animated fadeInLeft o-anim-custom-speed o-anim-value-speed-3s has-text-align-center has-contrast-color has-text-color has-background has-link-color eplus-wrapper wp-elements-2ade5b5bcf58ed791599bb62803caf2b\" style=\"background-color:#f7f7f7ed;font-size:clamp(1.245rem, 1.245rem + ((1vw - 0.2rem) * 1.169), 1.99rem);\">NOTRE SEULE AMBITION EST VOTRE&nbsp;<br><strong>PROTECTION<\/strong><\/p>\n<\/div><\/div>\n\n\n<div class=\"ticss-f04a2197 wp-block-columns alignwide eplus-wrapper is-layout-flex wp-container-core-columns-is-layout-28f84493 wp-block-columns-is-layout-flex eplus-styles-uid-4507fa\">\n<div class=\"wp-block-column eplus-wrapper is-layout-flow wp-block-column-is-layout-flow\">\n<div class=\" wp-block-cover is-light eplus-wrapper\" style=\"margin-top:0;margin-bottom:0;padding-right:0;padding-left:0;min-height:270px;aspect-ratio:unset;\"><img loading=\"lazy\" decoding=\"async\" width=\"2560\" height=\"1707\" class=\"wp-block-cover__image-background wp-image-61\" alt=\"\" src=\"https:\/\/monseur-avocats.be\/wp-content\/uploads\/2025\/03\/effet-marbre-scaled.jpg\" data-object-fit=\"cover\" srcset=\"https:\/\/monseur-avocats.be\/wp-content\/uploads\/2025\/03\/effet-marbre-scaled.jpg 2560w, https:\/\/monseur-avocats.be\/wp-content\/uploads\/2025\/03\/effet-marbre-300x200.jpg 300w, https:\/\/monseur-avocats.be\/wp-content\/uploads\/2025\/03\/effet-marbre-1024x683.jpg 1024w, https:\/\/monseur-avocats.be\/wp-content\/uploads\/2025\/03\/effet-marbre-768x512.jpg 768w, https:\/\/monseur-avocats.be\/wp-content\/uploads\/2025\/03\/effet-marbre-1536x1024.jpg 1536w, https:\/\/monseur-avocats.be\/wp-content\/uploads\/2025\/03\/effet-marbre-2048x1365.jpg 2048w\" sizes=\"auto, (max-width: 2560px) 100vw, 2560px\" \/><span aria-hidden=\"true\" class=\"wp-block-cover__background has-background-dim\" style=\"background-color:#f2f3f2\"><\/span><div class=\"wp-block-cover__inner-container has-global-padding is-layout-constrained wp-container-core-cover-is-layout-9f7737cb wp-block-cover-is-layout-constrained\">\n<p class=\" has-text-align-center has-large-font-size eplus-wrapper\"><strong>CONSEILS\u00a0 JURIDIQUES<\/strong><\/p>\n\n\n\n<figure class=\" wp-block-image aligncenter size-full is-resized eplus-wrapper\"><img loading=\"lazy\" decoding=\"async\" width=\"591\" height=\"591\" src=\"https:\/\/monseur-avocats.be\/wp-content\/uploads\/2025\/04\/1.png\" alt=\"\" class=\"wp-image-150\" style=\"width:51px;height:auto\" srcset=\"https:\/\/monseur-avocats.be\/wp-content\/uploads\/2025\/04\/1.png 591w, https:\/\/monseur-avocats.be\/wp-content\/uploads\/2025\/04\/1-300x300.png 300w, https:\/\/monseur-avocats.be\/wp-content\/uploads\/2025\/04\/1-150x150.png 150w\" sizes=\"auto, (max-width: 591px) 100vw, 591px\" \/><\/figure>\n\n\n\n<p class=\" has-text-align-center eplus-wrapper\" style=\"padding-top:0;padding-right:var(--wp--preset--spacing--50);padding-bottom:0;padding-left:var(--wp--preset--spacing--50)\">Nous prodiguons des conseils \u00e0 nos clients sur des questions juridiques, leur offrant des solutions adapt\u00e9es \u00e0 leur situation.\u00a0<\/p>\n<\/div><\/div>\n<\/div>\n\n\n\n<div class=\"wp-block-column eplus-wrapper is-layout-flow wp-block-column-is-layout-flow\">\n<div class=\" wp-block-cover is-light eplus-wrapper\" style=\"margin-top:0;margin-bottom:0;padding-right:var(--wp--preset--spacing--20);padding-left:var(--wp--preset--spacing--20);min-height:272px;aspect-ratio:unset;\"><img loading=\"lazy\" decoding=\"async\" width=\"2560\" height=\"1707\" class=\"wp-block-cover__image-background wp-image-61\" alt=\"\" src=\"https:\/\/monseur-avocats.be\/wp-content\/uploads\/2025\/03\/effet-marbre-scaled.jpg\" data-object-fit=\"cover\" srcset=\"https:\/\/monseur-avocats.be\/wp-content\/uploads\/2025\/03\/effet-marbre-scaled.jpg 2560w, https:\/\/monseur-avocats.be\/wp-content\/uploads\/2025\/03\/effet-marbre-300x200.jpg 300w, https:\/\/monseur-avocats.be\/wp-content\/uploads\/2025\/03\/effet-marbre-1024x683.jpg 1024w, https:\/\/monseur-avocats.be\/wp-content\/uploads\/2025\/03\/effet-marbre-768x512.jpg 768w, https:\/\/monseur-avocats.be\/wp-content\/uploads\/2025\/03\/effet-marbre-1536x1024.jpg 1536w, https:\/\/monseur-avocats.be\/wp-content\/uploads\/2025\/03\/effet-marbre-2048x1365.jpg 2048w\" sizes=\"auto, (max-width: 2560px) 100vw, 2560px\" \/><span aria-hidden=\"true\" class=\"wp-block-cover__background has-background-dim\" style=\"background-color:#f2f3f2\"><\/span><div class=\"wp-block-cover__inner-container has-global-padding is-layout-constrained wp-container-core-cover-is-layout-68eda488 wp-block-cover-is-layout-constrained\">\n<p class=\" has-text-align-center has-large-font-size eplus-wrapper\"><strong>REPR\u00c9SENTATION DEVANT LES JURIDICTIONS<\/strong><\/p>\n\n\n\n<figure class=\" wp-block-image aligncenter size-full is-resized eplus-wrapper\"><img loading=\"lazy\" decoding=\"async\" width=\"591\" height=\"591\" src=\"https:\/\/monseur-avocats.be\/wp-content\/uploads\/2025\/04\/2.png\" alt=\"\" class=\"wp-image-152\" style=\"aspect-ratio:1.3333333333333333;object-fit:cover;width:65px;height:auto\" srcset=\"https:\/\/monseur-avocats.be\/wp-content\/uploads\/2025\/04\/2.png 591w, https:\/\/monseur-avocats.be\/wp-content\/uploads\/2025\/04\/2-300x300.png 300w, https:\/\/monseur-avocats.be\/wp-content\/uploads\/2025\/04\/2-150x150.png 150w\" sizes=\"auto, (max-width: 591px) 100vw, 591px\" \/><\/figure>\n\n\n\n<p class=\" has-text-align-center eplus-wrapper\" style=\"padding-top:0;padding-right:var(--wp--preset--spacing--50);padding-bottom:0;padding-left:var(--wp--preset--spacing--50)\">\u200b\u200b\u200bNous assurons la d\u00e9fense des int\u00e9r\u00eats de nos clients devant les tribunaux, que ce soit en mati\u00e8re civile, p\u00e9nale, commerciale, etc..\u00a0<\/p>\n<\/div><\/div>\n<\/div>\n<\/div>\n\n<div class=\"ticss-f04a2197 wp-block-columns alignwide eplus-wrapper is-layout-flex wp-container-core-columns-is-layout-28f84493 wp-block-columns-is-layout-flex eplus-styles-uid-20d853\">\n<div class=\"wp-block-column eplus-wrapper is-layout-flow wp-block-column-is-layout-flow\">\n<div class=\" wp-block-cover is-light eplus-wrapper\" style=\"margin-top:0;margin-bottom:0;padding-right:var(--wp--preset--spacing--20);padding-left:var(--wp--preset--spacing--20);min-height:271px;aspect-ratio:unset;\"><img loading=\"lazy\" decoding=\"async\" width=\"2560\" height=\"1707\" class=\"wp-block-cover__image-background wp-image-61\" alt=\"\" src=\"https:\/\/monseur-avocats.be\/wp-content\/uploads\/2025\/03\/effet-marbre-scaled.jpg\" data-object-fit=\"cover\" srcset=\"https:\/\/monseur-avocats.be\/wp-content\/uploads\/2025\/03\/effet-marbre-scaled.jpg 2560w, https:\/\/monseur-avocats.be\/wp-content\/uploads\/2025\/03\/effet-marbre-300x200.jpg 300w, https:\/\/monseur-avocats.be\/wp-content\/uploads\/2025\/03\/effet-marbre-1024x683.jpg 1024w, https:\/\/monseur-avocats.be\/wp-content\/uploads\/2025\/03\/effet-marbre-768x512.jpg 768w, https:\/\/monseur-avocats.be\/wp-content\/uploads\/2025\/03\/effet-marbre-1536x1024.jpg 1536w, https:\/\/monseur-avocats.be\/wp-content\/uploads\/2025\/03\/effet-marbre-2048x1365.jpg 2048w\" sizes=\"auto, (max-width: 2560px) 100vw, 2560px\" \/><span aria-hidden=\"true\" class=\"wp-block-cover__background has-background-dim\" style=\"background-color:#f2f3f2\"><\/span><div class=\"wp-block-cover__inner-container has-global-padding is-layout-constrained wp-container-core-cover-is-layout-68eda488 wp-block-cover-is-layout-constrained\">\n<p class=\" has-text-align-center has-large-font-size eplus-wrapper\"><strong>R\u00c9DACTION DE DOCUMENTS JURIDIQUES<\/strong><\/p>\n\n\n\n\n\n<figure class=\" wp-block-image aligncenter size-full is-resized eplus-wrapper\"><img loading=\"lazy\" decoding=\"async\" width=\"591\" height=\"591\" src=\"https:\/\/monseur-avocats.be\/wp-content\/uploads\/2025\/04\/3.png\" alt=\"\" class=\"wp-image-153\" style=\"width:51px;height:auto\" srcset=\"https:\/\/monseur-avocats.be\/wp-content\/uploads\/2025\/04\/3.png 591w, https:\/\/monseur-avocats.be\/wp-content\/uploads\/2025\/04\/3-300x300.png 300w, https:\/\/monseur-avocats.be\/wp-content\/uploads\/2025\/04\/3-150x150.png 150w\" sizes=\"auto, (max-width: 591px) 100vw, 591px\" \/><\/figure>\n\n\n\n<p class=\" has-text-align-center eplus-wrapper\" style=\"padding-top:0;padding-right:var(--wp--preset--spacing--50);padding-bottom:0;padding-left:var(--wp--preset--spacing--50)\">Nous r\u00e9digeons des contrats et d\u2019autres documents juridiques en fran\u00e7ais et en n\u00e9erlandais.<\/p>\n\n\n<\/div><\/div>\n<\/div>\n\n\n\n<div class=\"wp-block-column eplus-wrapper is-layout-flow wp-block-column-is-layout-flow\">\n<div class=\" wp-block-cover is-light eplus-wrapper\" style=\"margin-top:0;margin-bottom:0;padding-right:var(--wp--preset--spacing--20);padding-left:var(--wp--preset--spacing--20);min-height:272px;aspect-ratio:unset;\"><img loading=\"lazy\" decoding=\"async\" width=\"2560\" height=\"1707\" class=\"wp-block-cover__image-background wp-image-61\" alt=\"\" src=\"https:\/\/monseur-avocats.be\/wp-content\/uploads\/2025\/03\/effet-marbre-scaled.jpg\" data-object-fit=\"cover\" srcset=\"https:\/\/monseur-avocats.be\/wp-content\/uploads\/2025\/03\/effet-marbre-scaled.jpg 2560w, https:\/\/monseur-avocats.be\/wp-content\/uploads\/2025\/03\/effet-marbre-300x200.jpg 300w, https:\/\/monseur-avocats.be\/wp-content\/uploads\/2025\/03\/effet-marbre-1024x683.jpg 1024w, https:\/\/monseur-avocats.be\/wp-content\/uploads\/2025\/03\/effet-marbre-768x512.jpg 768w, https:\/\/monseur-avocats.be\/wp-content\/uploads\/2025\/03\/effet-marbre-1536x1024.jpg 1536w, https:\/\/monseur-avocats.be\/wp-content\/uploads\/2025\/03\/effet-marbre-2048x1365.jpg 2048w\" sizes=\"auto, (max-width: 2560px) 100vw, 2560px\" \/><span aria-hidden=\"true\" class=\"wp-block-cover__background has-background-dim\" style=\"background-color:#f2f3f2\"><\/span><div class=\"wp-block-cover__inner-container has-global-padding is-layout-constrained wp-container-core-cover-is-layout-68eda488 wp-block-cover-is-layout-constrained\">\n<p class=\" has-text-align-center has-large-font-size eplus-wrapper\"><strong>CONCILIATION ET N\u00c9GOCIATION<\/strong><\/p>\n\n\n\n\n\n<figure class=\" wp-block-image aligncenter size-full is-resized eplus-wrapper\"><img loading=\"lazy\" decoding=\"async\" width=\"591\" height=\"591\" src=\"https:\/\/monseur-avocats.be\/wp-content\/uploads\/2025\/04\/4.png\" alt=\"\" class=\"wp-image-154\" style=\"aspect-ratio:1.3333333333333333;object-fit:cover;width:65px;height:auto\" srcset=\"https:\/\/monseur-avocats.be\/wp-content\/uploads\/2025\/04\/4.png 591w, https:\/\/monseur-avocats.be\/wp-content\/uploads\/2025\/04\/4-300x300.png 300w, https:\/\/monseur-avocats.be\/wp-content\/uploads\/2025\/04\/4-150x150.png 150w\" sizes=\"auto, (max-width: 591px) 100vw, 591px\" \/><\/figure>\n\n\n\n<p class=\" has-text-align-center eplus-wrapper\" style=\"padding-top:0;padding-right:var(--wp--preset--spacing--50);padding-bottom:0;padding-left:var(--wp--preset--spacing--50)\">Nous pouvons faciliter les n\u00e9gociations entre parties afin de mettre en place des conciliations, et ainsi \u00e9viter un conflit judiciaire.\u00a0<\/p>\n\n\n<\/div><\/div>\n<\/div>\n<\/div>\n\n\n<div class=\"justifier ticss-b372f405 wp-block-group alignfull has-background eplus-wrapper has-global-padding is-content-justification-right is-layout-constrained wp-container-core-group-is-layout-3afb25b4 wp-block-group-is-layout-constrained\" id=\"Quisuije\" style=\"background-color:#1d1f2a;margin-top:0;margin-bottom:0\">\n<p class=\"kt-adv-heading19_49aee3-fa wp-block-kadence-advancedheading\" data-kb-block=\"kb-adv-heading19_49aee3-fa\"><\/p>\n\n\n\n<div class=\"texte-justifie ticss-0bebfea5 wp-block-group alignwide eplus-wrapper is-layout-grid wp-container-core-group-is-layout-5fdb10e5 wp-block-group-is-layout-grid\" style=\"padding-top:var(--wp--preset--spacing--50);padding-bottom:var(--wp--preset--spacing--50)\">\n<p class=\"kt-adv-heading19_f736d9-cb justifier ticss-d2175c56 wp-block-kadence-advancedheading has-base-color has-text-color\" data-kb-block=\"kb-adv-heading19_f736d9-cb\"><br><strong>QUI SOMMES-NOUS <\/strong>?<br> <br> L&rsquo;Etude fut fond\u00e9e en 1983 par feu Ma\u00eetre Patrick MONSEUR.&nbsp;<br> \u200bDepuis les ann\u00e9es 2000, Ma\u00eetre Annick MONSEUR assure la rel\u00e8ve et tient \u00e0 perp\u00e9tuer les exigences de valeur et de d\u00e9vouement aux causes qui lui sont confi\u00e9es ainsi qu\u2019aux collaborateurs qui travaillent \u00e0 ses c\u00f4t\u00e9s.&nbsp;<br> \u200b<br> Licenci\u00e9e en droit avec distinction de l&rsquo;Universit\u00e9 de Li\u00e8ge en 1999, elle a&nbsp;suivi les cours de Droit des Assurances en 3\u00e8me cycle \u00e0 l&rsquo;Universit\u00e9 de Gand et est par cons\u00e9quent bilingue.<br> <br><br><\/p>\n\n\n<div class=\"animated fadeIn delay-100ms slow  wp-block-cover is-light has-custom-content-position is-position-center-right eplus-wrapper wp-container-content-5fd69529 eplus-styles-uid-f747b5\" style=\"padding-top:0;padding-right:var(--wp--preset--spacing--30);padding-bottom:0;padding-left:var(--wp--preset--spacing--30);min-height:662px;aspect-ratio:unset;\"><img loading=\"lazy\" decoding=\"async\" width=\"787\" height=\"738\" class=\"wp-block-cover__image-background wp-image-21\" alt=\"\" src=\"https:\/\/monseur-avocats.be\/wp-content\/uploads\/2025\/03\/IMG_2207.avif\" style=\"object-position:0% 100%\" data-object-fit=\"cover\" data-object-position=\"0% 100%\"><span aria-hidden=\"true\" class=\"wp-block-cover__background has-background-dim-0 has-background-dim\"><\/span><div class=\"wp-block-cover__inner-container is-layout-flow wp-container-core-cover-is-layout-b2a4e257 wp-block-cover-is-layout-flow\">\n<p class=\" has-text-align-center has-large-font-size eplus-wrapper\"><\/p>\n<\/div><\/div><\/div>\n<\/div>\n\n\n\n<div class=\"wp-block-group alignfull eplus-wrapper has-global-padding is-layout-constrained wp-block-group-is-layout-constrained\" style=\"margin-top:0;margin-bottom:0\">\n<div class=\"wp-block-group alignfull has-background eplus-wrapper is-layout-flow wp-container-core-group-is-layout-d58a0413 wp-block-group-is-layout-flow\" style=\"background-color:#e9e9e9;padding-top:var(--wp--preset--spacing--50);padding-bottom:var(--wp--preset--spacing--50)\">\n<h2 class=\"is-style-default wp-block-heading has-text-align-center has-x-large-font-size eplus-wrapper\" id=\"0-nos-domaines-dexpertise\" style=\"margin-right:var(--wp--preset--spacing--80);margin-left:var(--wp--preset--spacing--80);padding-right:var(--wp--preset--spacing--80);padding-left:var(--wp--preset--spacing--80)\">NOS DOMAINES D&rsquo;EXPERTISE<\/h2>\n\n\n<div class=\"wp-block-columns eplus-wrapper is-layout-flex wp-container-core-columns-is-layout-cbe57604 wp-block-columns-is-layout-flex eplus-styles-uid-5b2b1d\">\n<div class=\"wp-block-column eplus-wrapper is-layout-flow wp-block-column-is-layout-flow\">\n<div class=\"wp-block-group eplus-wrapper is-horizontal is-content-justification-center is-nowrap is-layout-flex wp-container-core-group-is-layout-317e44f9 wp-block-group-is-layout-flex\" style=\"padding-top:0;padding-right:0;padding-bottom:0;padding-left:0\"><p class=\"ticss-9d29f5cb  has-text-align-center eplus-wrapper eplus-styles-uid-42a6d5\" style=\"margin-right:var(--wp--preset--spacing--80);margin-left:var(--wp--preset--spacing--80);padding-top:0;padding-right:0;padding-bottom:0;padding-left:0\">\u200b\u200bA vos c\u00f4t\u00e9s\u202f, nous gardons \u00e0 l\u2019esprit que chaque dossier refl\u00e8te une r\u00e9alit\u00e9 humaine et la prenons en compte par l\u2019accessibilit\u00e9 de nos bureaux et la personnalisation de l\u2019accueil de nos clients.\u00a0<\/p><\/div>\n\n\n\n<div class=\"wp-block-group eplus-wrapper is-layout-flow wp-block-group-is-layout-flow\" style=\"padding-top:var(--wp--preset--spacing--30);padding-bottom:var(--wp--preset--spacing--30)\">\n<p class=\" has-text-align-center eplus-wrapper\" style=\"padding-top:0;padding-right:var(--wp--preset--spacing--50);padding-bottom:0;padding-left:var(--wp--preset--spacing--50)\"><strong>L&rsquo;ETUDE EST RECONNUE DANS LES <\/strong><strong>DOMAINES SUIVANTS : \u00a0<\/strong><\/p>\n\n\n\n<div class=\"wp-block-kadence-spacer aligncenter kt-block-spacer-19_e5234a-9c\"><div class=\"kt-block-spacer kt-block-spacer-halign-center\"><hr class=\"kt-divider\"><\/div><\/div>\n\n\n\n<p class=\" has-text-align-center eplus-wrapper\"><strong>\u200b<\/strong><strong>\u00a0DROIT DE LA RESPONSABILIT\u00c9\u200b<\/strong><\/p>\n\n\n\n<div class=\"wp-block-kadence-spacer aligncenter kt-block-spacer-19_f40986-b7\"><div class=\"kt-block-spacer kt-block-spacer-halign-center\"><hr class=\"kt-divider\"><\/div><\/div>\n\n\n\n<p class=\" has-text-align-center eplus-wrapper\" style=\"letter-spacing:-1px;line-height:1.4\"><strong>\u200b<\/strong><strong>DROIT DES ASSURANCES ET DE LA CIRCULATION\u00a0<\/strong><\/p>\n\n\n\n<div class=\"wp-block-kadence-spacer aligncenter kt-block-spacer-19_a0f38b-cd\"><div class=\"kt-block-spacer kt-block-spacer-halign-center\"><hr class=\"kt-divider\"><\/div><\/div>\n\n\n\n<p class=\" has-text-align-center eplus-wrapper\"><strong>\u200b<\/strong><strong>INDEMNISATION DU PR\u00c9JUDICE CORPOREL \u00a0<\/strong><\/p>\n\n\n\n<div class=\"wp-block-kadence-spacer aligncenter kt-block-spacer-19_a3af72-de\"><div class=\"kt-block-spacer kt-block-spacer-halign-center\"><hr class=\"kt-divider\"><\/div><\/div>\n\n\n\n<p class=\" has-text-align-center eplus-wrapper\"><strong>\u00a0RECOUVREMENT DE CR\u00c9ANCES \u00a0<\/strong><\/p>\n\n\n\n<div class=\"wp-block-kadence-spacer aligncenter kt-block-spacer-19_3247de-b5\"><div class=\"kt-block-spacer kt-block-spacer-halign-center\"><hr class=\"kt-divider\"><\/div><\/div>\n\n\n\n<p class=\" has-text-align-center eplus-wrapper\"><strong>DROIT P\u00c9NAL\u00a0<\/strong><\/p>\n\n\n\n<div class=\"wp-block-kadence-spacer aligncenter kt-block-spacer-19_9cae1e-d7\"><div class=\"kt-block-spacer kt-block-spacer-halign-center\"><hr class=\"kt-divider\"><\/div><\/div>\n\n\n\n<p class=\" has-text-align-center eplus-wrapper\"><strong>DROIT DES BAUX\u00a0<\/strong><\/p>\n<\/div>\n<\/div>\n<\/div>\n\n\n<div class=\"wp-block-buttons eplus-wrapper is-content-justification-center is-layout-flex wp-container-core-buttons-is-layout-a89b3969 wp-block-buttons-is-layout-flex\" style=\"border-radius:0px\"><div class=\" wp-block-button eplus-wrapper eplus-styles-uid-ad2e03\"><a class=\"wp-block-button__link has-text-align-center wp-element-button\" href=\"https:\/\/monseur-avocats.be\/?page_id=38\">Plus d&rsquo;info<\/a><\/div><\/div>\n<\/div>\n<\/div>\n","protected":false},"excerpt":{"rendered":"<p>QUI SOMMES-NOUS ? L&rsquo;Etude fut fond\u00e9e en 1983 par feu Ma\u00eetre Patrick MONSEUR.&nbsp; \u200bDepuis les ann\u00e9es 2000, Ma\u00eetre Annick MONSEUR assure la rel\u00e8ve et tient \u00e0 perp\u00e9tuer les exigences de valeur et de d\u00e9vouement aux causes qui lui sont confi\u00e9es ainsi qu\u2019aux collaborateurs qui travaillent \u00e0 ses c\u00f4t\u00e9s.&nbsp; \u200b Licenci\u00e9e en droit avec distinction de [&hellip;]<\/p>\n","protected":false},"author":2,"featured_media":0,"parent":0,"menu_order":0,"comment_status":"closed","ping_status":"closed","template":"","meta":{"ub_ctt_via":"","editor_plus_copied_stylings":"{}","_themeisle_gutenberg_block_has_review":false,"footnotes":""},"class_list":["post-19","page","type-page","status-publish","hentry"],"featured_image_src":null,"_links":{"self":[{"href":"https:\/\/monseur-avocats.be\/index.php?rest_route=\/wp\/v2\/pages\/19","targetHints":{"allow":["GET"]}}],"collection":[{"href":"https:\/\/monseur-avocats.be\/index.php?rest_route=\/wp\/v2\/pages"}],"about":[{"href":"https:\/\/monseur-avocats.be\/index.php?rest_route=\/wp\/v2\/types\/page"}],"author":[{"embeddable":true,"href":"https:\/\/monseur-avocats.be\/index.php?rest_route=\/wp\/v2\/users\/2"}],"replies":[{"embeddable":true,"href":"https:\/\/monseur-avocats.be\/index.php?rest_route=%2Fwp%2Fv2%2Fcomments&post=19"}],"version-history":[{"count":52,"href":"https:\/\/monseur-avocats.be\/index.php?rest_route=\/wp\/v2\/pages\/19\/revisions"}],"predecessor-version":[{"id":458,"href":"https:\/\/monseur-avocats.be\/index.php?rest_route=\/wp\/v2\/pages\/19\/revisions\/458"}],"wp:attachment":[{"href":"https:\/\/monseur-avocats.be\/index.php?rest_route=%2Fwp%2Fv2%2Fmedia&parent=19"}],"curies":[{"name":"wp","href":"https:\/\/api.w.org\/{rel}","templated":true}]}}